{"id":9790,"date":"2026-03-26T12:36:33","date_gmt":"2026-03-26T12:36:33","guid":{"rendered":"https:\/\/tiendadoncolchon.com\/?post_type=product&#038;p=9790"},"modified":"2026-03-26T12:44:07","modified_gmt":"2026-03-26T12:44:07","slug":"colchon-essenzia-re-innova","status":"publish","type":"product","link":"https:\/\/tiendadoncolchon.com\/en\/producto\/colchon-essenzia-re-innova\/","title":{"rendered":"Colch\u00f3n Essenzia | Re-Innova"},"content":{"rendered":"<p>El colch\u00f3n Re-Innova combina un n\u00facleo de muelles ensacados reforzados dise\u00f1ados con una mayor compresi\u00f3n para reducir su tama\u00f1o sin comprometer la estabilidad ni la firmeza aportando un extra de firmeza, con doble capa de fibra de coco natural para mayor transpirabilidad y estabilidad. Su viscoel\u00e1stica aporta Memory Dry aporta frescura y adpatabilidad, mientras que la ViscoUltra en la otra cara ofrece un confort envolvente.<\/p>\n<p>La fibra de coco es un material natural, transpirable y resistente, que ofrece excelente soporte y regula la temperatura para un descanso fresco y c\u00f3modo. Adem\u00e1s, es hipoalerg\u00e9nica.<\/p>\n","protected":false},"excerpt":{"rendered":"<p>Colchon con n\u00facleos de muelles ensacado reforzados ofreciendo un soporte superior y una durabilidad excepcional. Se trata de un colch\u00f3n ideal si te gusta la firmeza, buscas calidad, tu pareja se mueve mucho y\/o tienes sobrepeso.<\/p>\n","protected":false},"featured_media":9807,"comment_status":"open","ping_status":"closed","template":"","meta":{"_joinchat":[]},"product_brand":[],"product_cat":[210,226,232,214],"product_tag":[],"class_list":{"0":"post-9790","1":"product","2":"type-product","3":"status-publish","4":"has-post-thumbnail","6":"product_cat-colchones","7":"product_cat-essenzia-marca-colchon","8":"product_cat-grandes-pesos-especiales","9":"product_cat-muelle-ensascado","11":"first","12":"instock","13":"shipping-taxable","14":"purchasable","15":"product-type-variable"},"_links":{"self":[{"href":"https:\/\/tiendadoncolchon.com\/en\/wp-json\/wp\/v2\/product\/9790","targetHints":{"allow":["GET"]}}],"collection":[{"href":"https:\/\/tiendadoncolchon.com\/en\/wp-json\/wp\/v2\/product"}],"about":[{"href":"https:\/\/tiendadoncolchon.com\/en\/wp-json\/wp\/v2\/types\/product"}],"replies":[{"embeddable":true,"href":"https:\/\/tiendadoncolchon.com\/en\/wp-json\/wp\/v2\/comments?post=9790"}],"wp:featuredmedia":[{"embeddable":true,"href":"https:\/\/tiendadoncolchon.com\/en\/wp-json\/wp\/v2\/media\/9807"}],"wp:attachment":[{"href":"https:\/\/tiendadoncolchon.com\/en\/wp-json\/wp\/v2\/media?parent=9790"}],"wp:term":[{"taxonomy":"product_brand","embeddable":true,"href":"https:\/\/tiendadoncolchon.com\/en\/wp-json\/wp\/v2\/product_brand?post=9790"},{"taxonomy":"product_cat","embeddable":true,"href":"https:\/\/tiendadoncolchon.com\/en\/wp-json\/wp\/v2\/product_cat?post=9790"},{"taxonomy":"product_tag","embeddable":true,"href":"https:\/\/tiendadoncolchon.com\/en\/wp-json\/wp\/v2\/product_tag?post=9790"}],"curies":[{"name":"wp","href":"https:\/\/api.w.org\/{rel}","templated":true}]}}