{"id":9776,"date":"2026-03-09T09:30:44","date_gmt":"2026-03-09T09:30:44","guid":{"rendered":"https:\/\/tiendadoncolchon.com\/?post_type=product&#038;p=9776"},"modified":"2026-03-09T09:30:44","modified_gmt":"2026-03-09T09:30:44","slug":"colchon-essenzia-foster","status":"publish","type":"product","link":"https:\/\/tiendadoncolchon.com\/en\/producto\/colchon-essenzia-foster\/","title":{"rendered":"Colch\u00f3n Essenzia | Foster"},"content":{"rendered":"<p>Se trata de un colch\u00f3n articulado altamente transpirable, adaptable, que alivia la presi\u00f3n mantiendo siempre la postura natural del cuerpo. Cuenta con numerosos perfiles que canalizan el aire y la humedad hacia el exterior manteniendo el colch\u00f3n limpio y fresco.<\/p>\n<p>Tejido Superstrech: mejora la elasticidad natural del tejido ayudando a mejorar la adaptaci\u00f3n del colch\u00f3n con nuestro cuerpo.<\/p>\n<p class=\"p1\">Espumaci\u00f3n Soja\u00b740: Se extrae de la soja el aceite y se aplica a la espumaci\u00f3n haci\u00e9ndola m\u00e1s el\u00e1stica y mucho m\u00e1s resistente y duradera.<\/p>\n<p>Siete zonas: el sistema de muelle ensacado en paralelo focaliza el punto de presi\u00f3n aumentando la firmeza y estabilidad. La independencia de lechos es una caracter\u00edstica de los colchones que evita que el movimiento de uno de los durmientes se traslade al otro. Los colchones de n\u00facleo de muelles ensacados al tener cada muelle embolsado individualmente, se evita que los movimientos ocasionados por su compresi\u00f3n se transmitan por todo el colch\u00f3n.<\/p>\n<p class=\"p1\">El refuerzo perimetral permite una mayor estabilidad del colch\u00f3n, as\u00ed como una reducci\u00f3n del ruido y un aumento de la independencia de lechos.<\/p>\n","protected":false},"excerpt":{"rendered":"<p class=\"p1\">Colch\u00f3n articulado con doble espumaci\u00f3n de SOJA que proporciona una tumbada suave y transpirable. A su vez, el nucleo Multipro Essential Mini le da la firmeza exacta para crear un tipo de descanso s\u00f3lido pero confortable. Sus laterales cuentan con un refuerzo totalmente articulable.<\/p>\n","protected":false},"featured_media":9786,"comment_status":"open","ping_status":"closed","template":"","meta":{"_joinchat":[]},"product_brand":[],"product_cat":[210,226,214,233],"product_tag":[],"class_list":{"0":"post-9776","1":"product","2":"type-product","3":"status-publish","4":"has-post-thumbnail","6":"product_cat-colchones","7":"product_cat-essenzia-marca-colchon","8":"product_cat-muelle-ensascado","9":"product_cat-para-camas-articuladas-especiales","11":"first","12":"instock","13":"shipping-taxable","14":"purchasable","15":"product-type-variable"},"_links":{"self":[{"href":"https:\/\/tiendadoncolchon.com\/en\/wp-json\/wp\/v2\/product\/9776","targetHints":{"allow":["GET"]}}],"collection":[{"href":"https:\/\/tiendadoncolchon.com\/en\/wp-json\/wp\/v2\/product"}],"about":[{"href":"https:\/\/tiendadoncolchon.com\/en\/wp-json\/wp\/v2\/types\/product"}],"replies":[{"embeddable":true,"href":"https:\/\/tiendadoncolchon.com\/en\/wp-json\/wp\/v2\/comments?post=9776"}],"wp:featuredmedia":[{"embeddable":true,"href":"https:\/\/tiendadoncolchon.com\/en\/wp-json\/wp\/v2\/media\/9786"}],"wp:attachment":[{"href":"https:\/\/tiendadoncolchon.com\/en\/wp-json\/wp\/v2\/media?parent=9776"}],"wp:term":[{"taxonomy":"product_brand","embeddable":true,"href":"https:\/\/tiendadoncolchon.com\/en\/wp-json\/wp\/v2\/product_brand?post=9776"},{"taxonomy":"product_cat","embeddable":true,"href":"https:\/\/tiendadoncolchon.com\/en\/wp-json\/wp\/v2\/product_cat?post=9776"},{"taxonomy":"product_tag","embeddable":true,"href":"https:\/\/tiendadoncolchon.com\/en\/wp-json\/wp\/v2\/product_tag?post=9776"}],"curies":[{"name":"wp","href":"https:\/\/api.w.org\/{rel}","templated":true}]}}