{"id":9655,"date":"2026-01-07T19:33:14","date_gmt":"2026-01-07T19:33:14","guid":{"rendered":"https:\/\/tiendadoncolchon.com\/?post_type=product&#038;p=9655"},"modified":"2026-01-08T07:27:03","modified_gmt":"2026-01-08T07:27:03","slug":"conjunto-colchon-canape-colchon-harmony-relax-canape-copenhague-30","status":"publish","type":"product","link":"https:\/\/tiendadoncolchon.com\/en\/producto\/conjunto-colchon-canape-colchon-harmony-relax-canape-copenhague-30\/","title":{"rendered":"Conjunto colch\u00f3n + canap\u00e9 | colch\u00f3n Harmony Relax + canap\u00e9 Copenhague 30"},"content":{"rendered":"<p><strong>COLCHON HARMONY<\/strong><\/p>\n<p>Id\u00f3neo. Confortable. Confiable.<\/p>\n<p>Un colch\u00f3n pensado para todos aquellos que desean poder disfrutar de un gran colch\u00f3n de muelles ensacados sin complicaciones.<\/p>\n<ul>\n<li>5 zonas de descanso. Su carcasa de muelles ensacados de 5 zonas garantiza una independencia de lechos, minimizando las transferencias de movimiento. Gracias a sus diferenciadas zonas de descanso cada parte de tu cuerpo reposar\u00e1 sobre la firmeza id\u00f3nea que necesita.<\/li>\n<li>Termoregulador. La viscoel\u00e1stica ofrece una gran adaptabilidad con efecto memoria para que tu cuerpo se relaje de forma gradual aliviando la presi\u00f3n corporal. Sus part\u00edculas de Visco Gel regulan tu temperatura corporal, ofreci\u00e9ndote un descanso reparador.<\/li>\n<li>Elige tu altura ideal. Con dos tipos de altura (23-26cm), para que elijas la que mejor se adapta a tu habitaci\u00f3n. Queremos pon\u00e9rtelo f\u00e1cil para que descansar bien no sea ning\u00fan problema.<\/li>\n<li>Refuerzo perimetral: reforzado y duradero.<\/li>\n<li>Colchon volteable con tejido stretch.<\/li>\n<li>M\u00e1xima transpirabilidad y adaptabilidad.<\/li>\n<\/ul>\n<p><strong>CANAP\u00c9 COPENHAGUE 30<\/strong><\/p>\n<p>El espacio que tu armario necesita.<\/p>\n<p>El canap\u00e9 Copenhague aporta un extra de almacenaje en casa con sus 28cm. de capacidad interior, siendo espacioso y duradero.<\/p>\n<p>Disponible en diferentes colores: Amazonas, blanco, \u00e1rtico, cambrian.<\/p>\n<p>Caracter\u00edsticas t\u00e9cnicas:<\/p>\n<ul>\n<li>Grosor madera 30mm.<\/li>\n<li>Altura total del canap\u00e9 m\u00e1s la tapa 35 cm.<\/li>\n<li>Capacidad del interior de 28 cm.<\/li>\n<li>4 patas esquineras de haya<\/li>\n<li>Estructura melamina<\/li>\n<li>Aireadores de ventilaci\u00f3n.<\/li>\n<li>Posibilidad apertura lateral y tapa partida<\/li>\n<li>Tapizado tapa mixta 3d y tejido.<\/li>\n<\/ul>\n","protected":false},"excerpt":{"rendered":"<p>Aprovecha el conjunto que combina la transpirabilidad, adaptabilidad e independencia del Harmony de Relax con muelle ensacados de 5 zonas de descanso, con la fiabilidad, almacenaje y capacidad del Copenhague de Azorin.<\/p>\n","protected":false},"featured_media":9663,"comment_status":"open","ping_status":"closed","template":"","meta":{"_joinchat":[]},"product_brand":[],"product_cat":[698,693],"product_tag":[],"class_list":{"0":"post-9655","1":"product","2":"type-product","3":"status-publish","4":"has-post-thumbnail","6":"product_cat-mattress-box-spring-en","7":"product_cat-promotions","9":"first","10":"instock","11":"shipping-taxable","12":"purchasable","13":"product-type-variable"},"_links":{"self":[{"href":"https:\/\/tiendadoncolchon.com\/en\/wp-json\/wp\/v2\/product\/9655","targetHints":{"allow":["GET"]}}],"collection":[{"href":"https:\/\/tiendadoncolchon.com\/en\/wp-json\/wp\/v2\/product"}],"about":[{"href":"https:\/\/tiendadoncolchon.com\/en\/wp-json\/wp\/v2\/types\/product"}],"replies":[{"embeddable":true,"href":"https:\/\/tiendadoncolchon.com\/en\/wp-json\/wp\/v2\/comments?post=9655"}],"wp:featuredmedia":[{"embeddable":true,"href":"https:\/\/tiendadoncolchon.com\/en\/wp-json\/wp\/v2\/media\/9663"}],"wp:attachment":[{"href":"https:\/\/tiendadoncolchon.com\/en\/wp-json\/wp\/v2\/media?parent=9655"}],"wp:term":[{"taxonomy":"product_brand","embeddable":true,"href":"https:\/\/tiendadoncolchon.com\/en\/wp-json\/wp\/v2\/product_brand?post=9655"},{"taxonomy":"product_cat","embeddable":true,"href":"https:\/\/tiendadoncolchon.com\/en\/wp-json\/wp\/v2\/product_cat?post=9655"},{"taxonomy":"product_tag","embeddable":true,"href":"https:\/\/tiendadoncolchon.com\/en\/wp-json\/wp\/v2\/product_tag?post=9655"}],"curies":[{"name":"wp","href":"https:\/\/api.w.org\/{rel}","templated":true}]}}