{"id":9645,"date":"2026-01-07T18:42:13","date_gmt":"2026-01-07T18:42:13","guid":{"rendered":"https:\/\/tiendadoncolchon.com\/?post_type=product&#038;p=9645"},"modified":"2026-01-07T18:42:13","modified_gmt":"2026-01-07T18:42:13","slug":"conjunto-azorin-colchon-doha-canape-copenhague-30","status":"publish","type":"product","link":"https:\/\/tiendadoncolchon.com\/en\/producto\/conjunto-azorin-colchon-doha-canape-copenhague-30\/","title":{"rendered":"Conjunto Azor\u00edn | Colch\u00f3n Doha + Canap\u00e9 Copenhague 30"},"content":{"rendered":"<p>&nbsp;<\/p>\n<p><strong>COLCHON DOHA<\/strong><\/p>\n<p>M\u00e1ximo confort y transpirabilidad.<\/p>\n<p>El modelo Doha con 2 cm de viscoel\u00e1stica en su acolchado acompa\u00f1ado por fibras suaves para un confort mullido y adaptable, adem\u00e1s de su tejido inferior totalmente transpirable que proporciona un sue\u00f1o fresco y reparador. Cuenta con sistema duo reversible que alarga la vida \u00fatil de nuestro sistema de descanso.<\/p>\n<ul>\n<li>Firmeza media<\/li>\n<li>Transpirabilidad<\/li>\n<li>Termoactivo<\/li>\n<li>Viscoel\u00e1stica carbono + gel<\/li>\n<li>Sistema duo reversible<\/li>\n<li>Altura 24 cm.<\/li>\n<li>Enrollado.<\/li>\n<li>Tapa con tejido stretch<\/li>\n<\/ul>\n<p>&nbsp;<\/p>\n<p><strong>CANAP\u00c9 COPENHAGUE 30<\/strong><\/p>\n<p>El espacio que tu armario necesita.<\/p>\n<p>El canap\u00e9 Copenhague aporta un extra de almacenaje en casa con sus 28cm. de capacidad interior, siendo espacioso y duradero.<\/p>\n<p>Disponible en diferentes colores: Amazonas, blanco, \u00e1rtico, cambrian.<\/p>\n<p>Caracter\u00edsticas t\u00e9cnicas:<\/p>\n<ul>\n<li>Grosor madera 30mm.<\/li>\n<li>Altura total del canap\u00e9 m\u00e1s la tapa 35 cm.<\/li>\n<li>Capacidad del interior de 28 cm.<\/li>\n<li>4 patas esquineras de haya<\/li>\n<li>Estructura melamina<\/li>\n<li>Aireadores de ventilaci\u00f3n.<\/li>\n<li>Posibilidad apertura lateral y tapa partida<\/li>\n<li>Tapizado tapa mixta 3d y tejido.<\/li>\n<\/ul>\n","protected":false},"excerpt":{"rendered":"<p>Aprovecha nuestro conjunto super completo de Azor\u00edn que combina el confort y transpirabilidad del colch\u00f3n Doha, con el espacio y amplitud del canap\u00e9 Copenhague.<\/p>\n","protected":false},"featured_media":9648,"comment_status":"open","ping_status":"closed","template":"","meta":{"_joinchat":[]},"product_brand":[],"product_cat":[698,693],"product_tag":[],"class_list":{"0":"post-9645","1":"product","2":"type-product","3":"status-publish","4":"has-post-thumbnail","6":"product_cat-mattress-box-spring-en","7":"product_cat-promotions","9":"first","10":"instock","11":"shipping-taxable","12":"purchasable","13":"product-type-variable"},"_links":{"self":[{"href":"https:\/\/tiendadoncolchon.com\/en\/wp-json\/wp\/v2\/product\/9645","targetHints":{"allow":["GET"]}}],"collection":[{"href":"https:\/\/tiendadoncolchon.com\/en\/wp-json\/wp\/v2\/product"}],"about":[{"href":"https:\/\/tiendadoncolchon.com\/en\/wp-json\/wp\/v2\/types\/product"}],"replies":[{"embeddable":true,"href":"https:\/\/tiendadoncolchon.com\/en\/wp-json\/wp\/v2\/comments?post=9645"}],"wp:featuredmedia":[{"embeddable":true,"href":"https:\/\/tiendadoncolchon.com\/en\/wp-json\/wp\/v2\/media\/9648"}],"wp:attachment":[{"href":"https:\/\/tiendadoncolchon.com\/en\/wp-json\/wp\/v2\/media?parent=9645"}],"wp:term":[{"taxonomy":"product_brand","embeddable":true,"href":"https:\/\/tiendadoncolchon.com\/en\/wp-json\/wp\/v2\/product_brand?post=9645"},{"taxonomy":"product_cat","embeddable":true,"href":"https:\/\/tiendadoncolchon.com\/en\/wp-json\/wp\/v2\/product_cat?post=9645"},{"taxonomy":"product_tag","embeddable":true,"href":"https:\/\/tiendadoncolchon.com\/en\/wp-json\/wp\/v2\/product_tag?post=9645"}],"curies":[{"name":"wp","href":"https:\/\/api.w.org\/{rel}","templated":true}]}}