{"id":9613,"date":"2025-12-22T16:03:17","date_gmt":"2025-12-22T16:03:17","guid":{"rendered":"https:\/\/tiendadoncolchon.com\/?post_type=product&#038;p=9613"},"modified":"2025-12-22T16:03:18","modified_gmt":"2025-12-22T16:03:18","slug":"canape-nosolopatas-volga","status":"publish","type":"product","link":"https:\/\/tiendadoncolchon.com\/en\/producto\/canape-nosolopatas-volga\/","title":{"rendered":"Canap\u00e9 Nosolopatas | Volga"},"content":{"rendered":"<p>Canap\u00e9 Volga Nosolopatas:<\/p>\n<ul>\n<li>Canap\u00e9 con colch\u00f3n embutido.<\/li>\n<li>Altura total 35 cm.<\/li>\n<li>Capacidad interior 25 cm.<\/li>\n<li>Grosor 7,5 cm.<\/li>\n<li>Tablero multiperforado.<\/li>\n<li>Tejido antideslizante.<\/li>\n<li>Al suelo de serie, con opci\u00f3n a con patas met\u00e1licas de 2,5 cm y z\u00f3calo.<\/li>\n<li>Opci\u00f3n abatible y tapa partida.<\/li>\n<li>Bisagra doble pist\u00f3n y cubre bisagras.<\/li>\n<\/ul>\n","protected":false},"excerpt":{"rendered":"<p>El combo perfecto entre la funcionalidad y la est\u00e9tica. Aprovecha mejor el espacio en tu dormitorio y mantenlo siempre en orden y limpio.\u00a0 Cons\u00edguelo ahora con el canap\u00e9 tapizado Volga de Nosolopatas, de 35 cm de altura total y 25 cm de capacidad interior, disponible en abatible y tapa partida. Adem\u00e1s ofrece la posibilidad tener el piecero 10cm m\u00e1s alto hasta una altura de 45cm<\/p>\n","protected":false},"featured_media":9615,"comment_status":"open","ping_status":"closed","template":"","meta":{"_joinchat":[]},"product_brand":[],"product_cat":[253,259,268,262,263,258],"product_tag":[],"class_list":{"0":"post-9613","1":"product","2":"type-product","3":"status-publish","4":"has-post-thumbnail","6":"product_cat-canapes","7":"product_cat-abatible-tipo-canapes","8":"product_cat-no-solo-patas-marca-canapes","9":"product_cat-patas-tipo-canapes","10":"product_cat-tapa-embutida-tipo-canapes","11":"product_cat-tapizado-material-canapes","13":"first","14":"instock","15":"shipping-taxable","16":"purchasable","17":"product-type-variable"},"_links":{"self":[{"href":"https:\/\/tiendadoncolchon.com\/en\/wp-json\/wp\/v2\/product\/9613","targetHints":{"allow":["GET"]}}],"collection":[{"href":"https:\/\/tiendadoncolchon.com\/en\/wp-json\/wp\/v2\/product"}],"about":[{"href":"https:\/\/tiendadoncolchon.com\/en\/wp-json\/wp\/v2\/types\/product"}],"replies":[{"embeddable":true,"href":"https:\/\/tiendadoncolchon.com\/en\/wp-json\/wp\/v2\/comments?post=9613"}],"wp:featuredmedia":[{"embeddable":true,"href":"https:\/\/tiendadoncolchon.com\/en\/wp-json\/wp\/v2\/media\/9615"}],"wp:attachment":[{"href":"https:\/\/tiendadoncolchon.com\/en\/wp-json\/wp\/v2\/media?parent=9613"}],"wp:term":[{"taxonomy":"product_brand","embeddable":true,"href":"https:\/\/tiendadoncolchon.com\/en\/wp-json\/wp\/v2\/product_brand?post=9613"},{"taxonomy":"product_cat","embeddable":true,"href":"https:\/\/tiendadoncolchon.com\/en\/wp-json\/wp\/v2\/product_cat?post=9613"},{"taxonomy":"product_tag","embeddable":true,"href":"https:\/\/tiendadoncolchon.com\/en\/wp-json\/wp\/v2\/product_tag?post=9613"}],"curies":[{"name":"wp","href":"https:\/\/api.w.org\/{rel}","templated":true}]}}