{"id":9599,"date":"2025-12-22T15:12:55","date_gmt":"2025-12-22T15:12:55","guid":{"rendered":"https:\/\/tiendadoncolchon.com\/?post_type=product&#038;p=9599"},"modified":"2025-12-22T15:12:55","modified_gmt":"2025-12-22T15:12:55","slug":"canape-nosolopatas-ninfa","status":"publish","type":"product","link":"https:\/\/tiendadoncolchon.com\/en\/producto\/canape-nosolopatas-ninfa\/","title":{"rendered":"Canap\u00e9 Nosolopatas | Ninfa"},"content":{"rendered":"<p>Canap\u00e9 Ninfa Nosolopatas:<\/p>\n<ul>\n<li>Altura 36,5 cm.<\/li>\n<li>Capacidad interior de 18,5 cm.<\/li>\n<li>Grosor del arc\u00f3n de 5 cm.<\/li>\n<li>Tablero multiperforado<\/li>\n<li>Tejido antideslizante<\/li>\n<li>Tirador met\u00e1llico<\/li>\n<li>Con patas, tambi\u00e9n con opci\u00f3n al suelo.<\/li>\n<li>Bisagra doble pist\u00f3n y cubre bisagra.<\/li>\n<li>Opcion en abatible standard, tapa partida y articulado el\u00e9ctrico, con mando inal\u00e1mbrico y somieres sincronizados.<\/li>\n<\/ul>\n","protected":false},"excerpt":{"rendered":"<p>Disfruta de m\u00e1s espacio y confort con el canap\u00e9 tapizado Ninfa de Nosolopatas. M\u00e1s almacenamiento, m\u00e1s orden, m\u00e1s gusto. Perfecto para aquellos que quieren aprovechar su espacio, sin renunciar a un dormitorio bonito y adaptado. Disponible tanto con patas al gusto del consumidor, tapizado a medida, abatible standard, en tapa partida o articulado el\u00e9ctrico.<\/p>\n","protected":false},"featured_media":9601,"comment_status":"open","ping_status":"closed","template":"","meta":{"_joinchat":[]},"product_brand":[],"product_cat":[253,259,261,268,262,258],"product_tag":[],"class_list":{"0":"post-9599","1":"product","2":"type-product","3":"status-publish","4":"has-post-thumbnail","6":"product_cat-canapes","7":"product_cat-abatible-tipo-canapes","8":"product_cat-electricos-tipo-canapes","9":"product_cat-no-solo-patas-marca-canapes","10":"product_cat-patas-tipo-canapes","11":"product_cat-tapizado-material-canapes","13":"first","14":"instock","15":"shipping-taxable","16":"purchasable","17":"product-type-variable"},"_links":{"self":[{"href":"https:\/\/tiendadoncolchon.com\/en\/wp-json\/wp\/v2\/product\/9599","targetHints":{"allow":["GET"]}}],"collection":[{"href":"https:\/\/tiendadoncolchon.com\/en\/wp-json\/wp\/v2\/product"}],"about":[{"href":"https:\/\/tiendadoncolchon.com\/en\/wp-json\/wp\/v2\/types\/product"}],"replies":[{"embeddable":true,"href":"https:\/\/tiendadoncolchon.com\/en\/wp-json\/wp\/v2\/comments?post=9599"}],"wp:featuredmedia":[{"embeddable":true,"href":"https:\/\/tiendadoncolchon.com\/en\/wp-json\/wp\/v2\/media\/9601"}],"wp:attachment":[{"href":"https:\/\/tiendadoncolchon.com\/en\/wp-json\/wp\/v2\/media?parent=9599"}],"wp:term":[{"taxonomy":"product_brand","embeddable":true,"href":"https:\/\/tiendadoncolchon.com\/en\/wp-json\/wp\/v2\/product_brand?post=9599"},{"taxonomy":"product_cat","embeddable":true,"href":"https:\/\/tiendadoncolchon.com\/en\/wp-json\/wp\/v2\/product_cat?post=9599"},{"taxonomy":"product_tag","embeddable":true,"href":"https:\/\/tiendadoncolchon.com\/en\/wp-json\/wp\/v2\/product_tag?post=9599"}],"curies":[{"name":"wp","href":"https:\/\/api.w.org\/{rel}","templated":true}]}}