{"id":9585,"date":"2025-12-22T13:24:51","date_gmt":"2025-12-22T13:24:51","guid":{"rendered":"https:\/\/tiendadoncolchon.com\/?post_type=product&#038;p=9585"},"modified":"2025-12-22T13:26:19","modified_gmt":"2025-12-22T13:26:19","slug":"canape-nosolopatas-goya","status":"publish","type":"product","link":"https:\/\/tiendadoncolchon.com\/en\/producto\/canape-nosolopatas-goya\/","title":{"rendered":"Canap\u00e9 Nosolopatas | Goya"},"content":{"rendered":"<p>Canap\u00e9 Nosolopatas Goya:<\/p>\n<ul>\n<li>Arc\u00f3n de madera con acabados personalizados a gusto del cliente.<\/li>\n<li>Tapa tapizada 3D<\/li>\n<li>Tirador de madera<\/li>\n<li>Altura total 35,5 cm.<\/li>\n<li>Capacidad interior 28,5 cm.<\/li>\n<li>Grosor arc\u00f3n 3 cm.<\/li>\n<li>Al suelo de serie.<\/li>\n<li>Tablero multiperformado.<\/li>\n<li>Bisagra doble pist\u00f3n y cubrebisagras.<\/li>\n<li>Tejido antideslizante.<\/li>\n<li>Opci\u00f3n abatible standard, el\u00e9ctrico articulado, tapa partida, twin dual, con patas, apertura lateral.<\/li>\n<\/ul>\n","protected":false},"excerpt":{"rendered":"<p>Aprovecha el espacio en tu dormitorio con el canap\u00e9 Goya de Nosolopatas. Mantenga siempre limpio y ordenado su espacio, aprovechando al m\u00e1ximo el almacenaje con su gran capacidad interior de 28,5 cm con 35,5 cm de altura total.<\/p>\n<p>Adem\u00e1s de ser pr\u00e1ctico y est\u00e9tico ofrece diferentes posibilidades de personalizaci\u00f3n, desde su acabado hasta el tipo concreto de canap\u00e9. Lo podemos encontrar en versi\u00f3n abatible standard, tapa partida, twin dual, apertura lateral y articulado el\u00e9ctrico, que incluye mando inal\u00e1mbrico y somieres sincronizados.<\/p>\n","protected":false},"featured_media":9586,"comment_status":"open","ping_status":"closed","template":"","meta":{"_joinchat":[]},"product_brand":[],"product_cat":[253,259,264,261,257,268,262],"product_tag":[],"class_list":{"0":"post-9585","1":"product","2":"type-product","3":"status-publish","4":"has-post-thumbnail","6":"product_cat-canapes","7":"product_cat-abatible-tipo-canapes","8":"product_cat-apertura-lateral-tipo-canapes","9":"product_cat-electricos-tipo-canapes","10":"product_cat-madera-material-canapes","11":"product_cat-no-solo-patas-marca-canapes","12":"product_cat-patas-tipo-canapes","14":"first","15":"instock","16":"shipping-taxable","17":"purchasable","18":"product-type-variable"},"_links":{"self":[{"href":"https:\/\/tiendadoncolchon.com\/en\/wp-json\/wp\/v2\/product\/9585","targetHints":{"allow":["GET"]}}],"collection":[{"href":"https:\/\/tiendadoncolchon.com\/en\/wp-json\/wp\/v2\/product"}],"about":[{"href":"https:\/\/tiendadoncolchon.com\/en\/wp-json\/wp\/v2\/types\/product"}],"replies":[{"embeddable":true,"href":"https:\/\/tiendadoncolchon.com\/en\/wp-json\/wp\/v2\/comments?post=9585"}],"wp:featuredmedia":[{"embeddable":true,"href":"https:\/\/tiendadoncolchon.com\/en\/wp-json\/wp\/v2\/media\/9586"}],"wp:attachment":[{"href":"https:\/\/tiendadoncolchon.com\/en\/wp-json\/wp\/v2\/media?parent=9585"}],"wp:term":[{"taxonomy":"product_brand","embeddable":true,"href":"https:\/\/tiendadoncolchon.com\/en\/wp-json\/wp\/v2\/product_brand?post=9585"},{"taxonomy":"product_cat","embeddable":true,"href":"https:\/\/tiendadoncolchon.com\/en\/wp-json\/wp\/v2\/product_cat?post=9585"},{"taxonomy":"product_tag","embeddable":true,"href":"https:\/\/tiendadoncolchon.com\/en\/wp-json\/wp\/v2\/product_tag?post=9585"}],"curies":[{"name":"wp","href":"https:\/\/api.w.org\/{rel}","templated":true}]}}