{"id":9572,"date":"2025-12-22T12:52:40","date_gmt":"2025-12-22T12:52:40","guid":{"rendered":"https:\/\/tiendadoncolchon.com\/?post_type=product&#038;p=9572"},"modified":"2025-12-22T12:52:40","modified_gmt":"2025-12-22T12:52:40","slug":"canape-nosolopatas-teruel","status":"publish","type":"product","link":"https:\/\/tiendadoncolchon.com\/en\/producto\/canape-nosolopatas-teruel\/","title":{"rendered":"Canap\u00e9 Nosolopatas | Teruel"},"content":{"rendered":"<p>Canap\u00e9 Teruel Nosolopatas:<\/p>\n<ul>\n<li>Arc\u00f3n de madera<\/li>\n<li>Tirador de madera<\/li>\n<li>Tapa tapizada 3D<\/li>\n<li>Altura total de 35,5 cm<\/li>\n<li>Capacidad interior de 28,5 cm<\/li>\n<li>Grosor de 2,2 cm.<\/li>\n<li>Al suelo de serie, opci\u00f3n con patas.<\/li>\n<li>Tablero multiperforado.<\/li>\n<li>Tejido antideslizante.<\/li>\n<li>Bisagra doble pist\u00f3n y cubrebisagras.<\/li>\n<li>Opci\u00f3n cajones laterales y frontales, tapa partida, apertura lateral<\/li>\n<\/ul>\n","protected":false},"excerpt":{"rendered":"<p>Aprovecha al m\u00e1ximo el espacio en tu dormitorio con el canap\u00e9 Teruel de Nosolopatas. Con este canap\u00e9 de madera podr\u00e1 mantener su dormitorio siempre limpio y ordenado aprovechando su almacenaje con capacidad interior de 28,5 cm con 35,5 cm de altura total.<\/p>\n<p>Adem\u00e1s de ser amplio y elegante ofrece diferentes posibilidades de personalizaci\u00f3n, desde su acabado hasta el tipo concreto de canap\u00e9. Lo podemos encontrar en versi\u00f3n abatible standard, tapa partida, dual, apertura lateral, con cajones frontales y laterales o con zapatero.<\/p>\n","protected":false},"featured_media":9579,"comment_status":"open","ping_status":"closed","template":"","meta":{"_joinchat":[]},"product_brand":[],"product_cat":[659,654,683,647,660,681,649],"product_tag":[],"class_list":{"0":"post-9572","1":"product","2":"type-product","3":"status-publish","4":"has-post-thumbnail","6":"product_cat-abatible","7":"product_cat-side-opening","8":"product_cat-boxes","9":"product_cat-canapes-en","10":"product_cat-wood-en","11":"product_cat-nosolopatas","12":"product_cat-legs","14":"first","15":"instock","16":"shipping-taxable","17":"purchasable","18":"product-type-variable"},"_links":{"self":[{"href":"https:\/\/tiendadoncolchon.com\/en\/wp-json\/wp\/v2\/product\/9572","targetHints":{"allow":["GET"]}}],"collection":[{"href":"https:\/\/tiendadoncolchon.com\/en\/wp-json\/wp\/v2\/product"}],"about":[{"href":"https:\/\/tiendadoncolchon.com\/en\/wp-json\/wp\/v2\/types\/product"}],"replies":[{"embeddable":true,"href":"https:\/\/tiendadoncolchon.com\/en\/wp-json\/wp\/v2\/comments?post=9572"}],"wp:featuredmedia":[{"embeddable":true,"href":"https:\/\/tiendadoncolchon.com\/en\/wp-json\/wp\/v2\/media\/9579"}],"wp:attachment":[{"href":"https:\/\/tiendadoncolchon.com\/en\/wp-json\/wp\/v2\/media?parent=9572"}],"wp:term":[{"taxonomy":"product_brand","embeddable":true,"href":"https:\/\/tiendadoncolchon.com\/en\/wp-json\/wp\/v2\/product_brand?post=9572"},{"taxonomy":"product_cat","embeddable":true,"href":"https:\/\/tiendadoncolchon.com\/en\/wp-json\/wp\/v2\/product_cat?post=9572"},{"taxonomy":"product_tag","embeddable":true,"href":"https:\/\/tiendadoncolchon.com\/en\/wp-json\/wp\/v2\/product_tag?post=9572"}],"curies":[{"name":"wp","href":"https:\/\/api.w.org\/{rel}","templated":true}]}}