{"id":9559,"date":"2025-12-22T12:23:58","date_gmt":"2025-12-22T12:23:58","guid":{"rendered":"https:\/\/tiendadoncolchon.com\/?post_type=product&#038;p=9559"},"modified":"2025-12-22T12:25:35","modified_gmt":"2025-12-22T12:25:35","slug":"canpe-nosolopatas-tucan","status":"publish","type":"product","link":"https:\/\/tiendadoncolchon.com\/en\/producto\/canpe-nosolopatas-tucan\/","title":{"rendered":"Canap\u00e9 Nosolopatas | Tuc\u00e1n"},"content":{"rendered":"<p>Canap\u00e9 Tuc\u00e1n Nosolopatas:<\/p>\n<ul>\n<li>Arc\u00f3n de madera con diferentes acabado a gusto del cliente.<\/li>\n<li>Opciones acabado: blanco, nieve, glacial, magnolia, cambrian, brima, bellota, estepa.<\/li>\n<li>Tapa tapizada 3d<\/li>\n<li>Tirador embutido de serie<\/li>\n<li>Con patas de serie, con opci\u00f3n de canap\u00e9 al suelo.<\/li>\n<li>Capacidad interior de 17 cm.<\/li>\n<li>Altura a suelo de 34 cm.<\/li>\n<li>Grosor de 3cm.<\/li>\n<li>Tablero multiperforado.<\/li>\n<li>Tejido antideslizante.<\/li>\n<li>Opci\u00f3n bisagra doble pist\u00f3n y cubrepistones.<\/li>\n<li>Opci\u00f3n tapa partida y cajonera.<\/li>\n<\/ul>\n<p>&nbsp;<\/p>\n<p>&nbsp;<\/p>\n","protected":false},"excerpt":{"rendered":"<p>Combine practicidad con est\u00e9tica con el canap\u00e9 Tuc\u00e1n de Nosolopatas. Este canap\u00e9 con patas cuenta con un arc\u00f3n de madera con diferentes acabados a medida, con una tapa tapizada 3D y con tirador embutido de serie. Se puede personalizar en standard, tapa partida y cajonera.<\/p>\n","protected":false},"featured_media":9560,"comment_status":"open","ping_status":"closed","template":"","meta":{"_joinchat":[]},"product_brand":[],"product_cat":[253,259,260,257,268,262,263],"product_tag":[],"class_list":{"0":"post-9559","1":"product","2":"type-product","3":"status-publish","4":"has-post-thumbnail","6":"product_cat-canapes","7":"product_cat-abatible-tipo-canapes","8":"product_cat-cajones-tipo-canapes","9":"product_cat-madera-material-canapes","10":"product_cat-no-solo-patas-marca-canapes","11":"product_cat-patas-tipo-canapes","12":"product_cat-tapa-embutida-tipo-canapes","14":"first","15":"instock","16":"shipping-taxable","17":"purchasable","18":"product-type-variable"},"_links":{"self":[{"href":"https:\/\/tiendadoncolchon.com\/en\/wp-json\/wp\/v2\/product\/9559","targetHints":{"allow":["GET"]}}],"collection":[{"href":"https:\/\/tiendadoncolchon.com\/en\/wp-json\/wp\/v2\/product"}],"about":[{"href":"https:\/\/tiendadoncolchon.com\/en\/wp-json\/wp\/v2\/types\/product"}],"replies":[{"embeddable":true,"href":"https:\/\/tiendadoncolchon.com\/en\/wp-json\/wp\/v2\/comments?post=9559"}],"wp:featuredmedia":[{"embeddable":true,"href":"https:\/\/tiendadoncolchon.com\/en\/wp-json\/wp\/v2\/media\/9560"}],"wp:attachment":[{"href":"https:\/\/tiendadoncolchon.com\/en\/wp-json\/wp\/v2\/media?parent=9559"}],"wp:term":[{"taxonomy":"product_brand","embeddable":true,"href":"https:\/\/tiendadoncolchon.com\/en\/wp-json\/wp\/v2\/product_brand?post=9559"},{"taxonomy":"product_cat","embeddable":true,"href":"https:\/\/tiendadoncolchon.com\/en\/wp-json\/wp\/v2\/product_cat?post=9559"},{"taxonomy":"product_tag","embeddable":true,"href":"https:\/\/tiendadoncolchon.com\/en\/wp-json\/wp\/v2\/product_tag?post=9559"}],"curies":[{"name":"wp","href":"https:\/\/api.w.org\/{rel}","templated":true}]}}